{"id":11,"date":"2021-08-22T15:26:33","date_gmt":"2021-08-22T15:26:33","guid":{"rendered":"https:\/\/gizatelier.pt\/?page_id=11"},"modified":"2026-02-13T12:26:09","modified_gmt":"2026-02-13T12:26:09","slug":"modelista-profissional-no-porto-giz-atelier","status":"publish","type":"page","link":"https:\/\/gizatelier.pt\/en\/","title":{"rendered":"Professional pattern maker in Porto"},"content":{"rendered":"","protected":false},"excerpt":{"rendered":"","protected":false},"author":2,"featured_media":4770,"parent":0,"menu_order":0,"comment_status":"closed","ping_status":"closed","template":"","meta":{"_acf_changed":false,"footnotes":""},"acf":[],"yoast_head":"<!-- This site is optimized with the Yoast SEO plugin v23.0 - https:\/\/yoast.com\/wordpress\/plugins\/seo\/ -->\n<title>Modelista profissional no Porto - Giz Atelier<\/title>\n<meta name=\"description\" content=\"Modelista profissional no Porto. Cria\u00e7\u00e3o de moldes, desenvolvimento de cole\u00e7\u00f5es e consultoria de moda personalizada.\" \/>\n<meta name=\"robots\" content=\"index, follow, max-snippet:-1, max-image-preview:large, max-video-preview:-1\" \/>\n<link rel=\"canonical\" href=\"https:\/\/gizatelier.pt\/en\/\" \/>\n<meta property=\"og:locale\" content=\"en_GB\" \/>\n<meta property=\"og:type\" content=\"article\" \/>\n<meta property=\"og:title\" content=\"Modelista profissional no Porto - Giz Atelier\" \/>\n<meta property=\"og:description\" content=\"Modelista profissional no Porto. Cria\u00e7\u00e3o de moldes, desenvolvimento de cole\u00e7\u00f5es e consultoria de moda personalizada.\" \/>\n<meta property=\"og:url\" content=\"https:\/\/gizatelier.pt\/en\/\" \/>\n<meta property=\"og:site_name\" content=\"Giz Atelier\" \/>\n<meta property=\"article:publisher\" content=\"https:\/\/www.facebook.com\/gizatelier\" \/>\n<meta property=\"article:modified_time\" content=\"2026-02-13T12:26:09+00:00\" \/>\n<meta property=\"og:image\" content=\"https:\/\/gizatelier.pt\/wp-content\/uploads\/2025\/07\/Pessoa-a-desenvolver-um-molde.webp\" \/>\n\t<meta property=\"og:image:width\" content=\"1280\" \/>\n\t<meta property=\"og:image:height\" content=\"664\" \/>\n\t<meta property=\"og:image:type\" content=\"image\/webp\" \/>\n<meta name=\"twitter:card\" content=\"summary_large_image\" \/>\n<meta name=\"twitter:label1\" content=\"Estimated reading time\" \/>\n\t<meta name=\"twitter:data1\" content=\"1 minute\" \/>\n<script type=\"application\/ld+json\" class=\"yoast-schema-graph\">{\"@context\":\"https:\/\/schema.org\",\"@graph\":[{\"@type\":\"WebPage\",\"@id\":\"https:\/\/gizatelier.pt\/\",\"url\":\"https:\/\/gizatelier.pt\/\",\"name\":\"Modelista profissional no Porto - Giz Atelier\",\"isPartOf\":{\"@id\":\"https:\/\/gizatelier.pt\/#website\"},\"primaryImageOfPage\":{\"@id\":\"https:\/\/gizatelier.pt\/#primaryimage\"},\"image\":{\"@id\":\"https:\/\/gizatelier.pt\/#primaryimage\"},\"thumbnailUrl\":\"https:\/\/gizatelier.pt\/wp-content\/uploads\/2025\/07\/Pessoa-a-desenvolver-um-molde.webp\",\"datePublished\":\"2021-08-22T15:26:33+00:00\",\"dateModified\":\"2026-02-13T12:26:09+00:00\",\"description\":\"Modelista profissional no Porto. Cria\u00e7\u00e3o de moldes, desenvolvimento de cole\u00e7\u00f5es e consultoria de moda personalizada.\",\"breadcrumb\":{\"@id\":\"https:\/\/gizatelier.pt\/#breadcrumb\"},\"inLanguage\":\"en-GB\",\"potentialAction\":[{\"@type\":\"ReadAction\",\"target\":[\"https:\/\/gizatelier.pt\/\"]}]},{\"@type\":\"ImageObject\",\"inLanguage\":\"en-GB\",\"@id\":\"https:\/\/gizatelier.pt\/#primaryimage\",\"url\":\"https:\/\/gizatelier.pt\/wp-content\/uploads\/2025\/07\/Pessoa-a-desenvolver-um-molde.webp\",\"contentUrl\":\"https:\/\/gizatelier.pt\/wp-content\/uploads\/2025\/07\/Pessoa-a-desenvolver-um-molde.webp\",\"width\":1280,\"height\":664,\"caption\":\"Modelista profissional no Porto\"},{\"@type\":\"BreadcrumbList\",\"@id\":\"https:\/\/gizatelier.pt\/#breadcrumb\",\"itemListElement\":[{\"@type\":\"ListItem\",\"position\":1,\"name\":\"In\u00edcio\",\"item\":\"https:\/\/gizatelier.pt\/\"},{\"@type\":\"ListItem\",\"position\":2,\"name\":\"Modelista profissional no Porto\"}]},{\"@type\":\"WebSite\",\"@id\":\"https:\/\/gizatelier.pt\/#website\",\"url\":\"https:\/\/gizatelier.pt\/\",\"name\":\"Giz Atelier\",\"description\":\"Apoio na \u00e1rea t\u00eaxtil no desenvolvimento de moldes para vestu\u00e1rio\",\"publisher\":{\"@id\":\"https:\/\/gizatelier.pt\/#\/schema\/person\/8c73347c7ece0f2e62d6e856e67622e4\"},\"potentialAction\":[{\"@type\":\"SearchAction\",\"target\":{\"@type\":\"EntryPoint\",\"urlTemplate\":\"https:\/\/gizatelier.pt\/?s={search_term_string}\"},\"query-input\":\"required name=search_term_string\"}],\"inLanguage\":\"en-GB\"},{\"@type\":[\"Person\",\"Organization\"],\"@id\":\"https:\/\/gizatelier.pt\/#\/schema\/person\/8c73347c7ece0f2e62d6e856e67622e4\",\"name\":\"Claudia\",\"image\":{\"@type\":\"ImageObject\",\"inLanguage\":\"en-GB\",\"@id\":\"https:\/\/gizatelier.pt\/#\/schema\/person\/image\/\",\"url\":\"https:\/\/gizatelier.pt\/wp-content\/uploads\/2021\/07\/Logo200Branco_2.png\",\"contentUrl\":\"https:\/\/gizatelier.pt\/wp-content\/uploads\/2021\/07\/Logo200Branco_2.png\",\"width\":834,\"height\":834,\"caption\":\"Claudia\"},\"logo\":{\"@id\":\"https:\/\/gizatelier.pt\/#\/schema\/person\/image\/\"},\"sameAs\":[\"https:\/\/www.facebook.com\/gizatelier\",\"https:\/\/www.instagram.com\/giz_atelier\/\",\"https:\/\/www.linkedin.com\/in\/giz-atelier-5a3073224\/\"]}]}<\/script>\n<!-- \/ Yoast SEO plugin. -->","yoast_head_json":{"title":"Modelista profissional no Porto - Giz Atelier","description":"Modelista profissional no Porto. Cria\u00e7\u00e3o de moldes, desenvolvimento de cole\u00e7\u00f5es e consultoria de moda personalizada.","robots":{"index":"index","follow":"follow","max-snippet":"max-snippet:-1","max-image-preview":"max-image-preview:large","max-video-preview":"max-video-preview:-1"},"canonical":"https:\/\/gizatelier.pt\/en\/","og_locale":"en_GB","og_type":"article","og_title":"Modelista profissional no Porto - Giz Atelier","og_description":"Modelista profissional no Porto. Cria\u00e7\u00e3o de moldes, desenvolvimento de cole\u00e7\u00f5es e consultoria de moda personalizada.","og_url":"https:\/\/gizatelier.pt\/en\/","og_site_name":"Giz Atelier","article_publisher":"https:\/\/www.facebook.com\/gizatelier","article_modified_time":"2026-02-13T12:26:09+00:00","og_image":[{"width":1280,"height":664,"url":"https:\/\/gizatelier.pt\/wp-content\/uploads\/2025\/07\/Pessoa-a-desenvolver-um-molde.webp","type":"image\/webp"}],"twitter_card":"summary_large_image","twitter_misc":{"Estimated reading time":"1 minute"},"schema":{"@context":"https:\/\/schema.org","@graph":[{"@type":"WebPage","@id":"https:\/\/gizatelier.pt\/","url":"https:\/\/gizatelier.pt\/","name":"Modelista profissional no Porto - Giz Atelier","isPartOf":{"@id":"https:\/\/gizatelier.pt\/#website"},"primaryImageOfPage":{"@id":"https:\/\/gizatelier.pt\/#primaryimage"},"image":{"@id":"https:\/\/gizatelier.pt\/#primaryimage"},"thumbnailUrl":"https:\/\/gizatelier.pt\/wp-content\/uploads\/2025\/07\/Pessoa-a-desenvolver-um-molde.webp","datePublished":"2021-08-22T15:26:33+00:00","dateModified":"2026-02-13T12:26:09+00:00","description":"Modelista profissional no Porto. Cria\u00e7\u00e3o de moldes, desenvolvimento de cole\u00e7\u00f5es e consultoria de moda personalizada.","breadcrumb":{"@id":"https:\/\/gizatelier.pt\/#breadcrumb"},"inLanguage":"en-GB","potentialAction":[{"@type":"ReadAction","target":["https:\/\/gizatelier.pt\/"]}]},{"@type":"ImageObject","inLanguage":"en-GB","@id":"https:\/\/gizatelier.pt\/#primaryimage","url":"https:\/\/gizatelier.pt\/wp-content\/uploads\/2025\/07\/Pessoa-a-desenvolver-um-molde.webp","contentUrl":"https:\/\/gizatelier.pt\/wp-content\/uploads\/2025\/07\/Pessoa-a-desenvolver-um-molde.webp","width":1280,"height":664,"caption":"Modelista profissional no Porto"},{"@type":"BreadcrumbList","@id":"https:\/\/gizatelier.pt\/#breadcrumb","itemListElement":[{"@type":"ListItem","position":1,"name":"In\u00edcio","item":"https:\/\/gizatelier.pt\/"},{"@type":"ListItem","position":2,"name":"Modelista profissional no Porto"}]},{"@type":"WebSite","@id":"https:\/\/gizatelier.pt\/#website","url":"https:\/\/gizatelier.pt\/","name":"Giz Atelier","description":"Apoio na \u00e1rea t\u00eaxtil no desenvolvimento de moldes para vestu\u00e1rio","publisher":{"@id":"https:\/\/gizatelier.pt\/#\/schema\/person\/8c73347c7ece0f2e62d6e856e67622e4"},"potentialAction":[{"@type":"SearchAction","target":{"@type":"EntryPoint","urlTemplate":"https:\/\/gizatelier.pt\/?s={search_term_string}"},"query-input":"required name=search_term_string"}],"inLanguage":"en-GB"},{"@type":["Person","Organization"],"@id":"https:\/\/gizatelier.pt\/#\/schema\/person\/8c73347c7ece0f2e62d6e856e67622e4","name":"Claudia","image":{"@type":"ImageObject","inLanguage":"en-GB","@id":"https:\/\/gizatelier.pt\/#\/schema\/person\/image\/","url":"https:\/\/gizatelier.pt\/wp-content\/uploads\/2021\/07\/Logo200Branco_2.png","contentUrl":"https:\/\/gizatelier.pt\/wp-content\/uploads\/2021\/07\/Logo200Branco_2.png","width":834,"height":834,"caption":"Claudia"},"logo":{"@id":"https:\/\/gizatelier.pt\/#\/schema\/person\/image\/"},"sameAs":["https:\/\/www.facebook.com\/gizatelier","https:\/\/www.instagram.com\/giz_atelier\/","https:\/\/www.linkedin.com\/in\/giz-atelier-5a3073224\/"]}]}},"_links":{"self":[{"href":"https:\/\/gizatelier.pt\/en\/wp-json\/wp\/v2\/pages\/11"}],"collection":[{"href":"https:\/\/gizatelier.pt\/en\/wp-json\/wp\/v2\/pages"}],"about":[{"href":"https:\/\/gizatelier.pt\/en\/wp-json\/wp\/v2\/types\/page"}],"author":[{"embeddable":true,"href":"https:\/\/gizatelier.pt\/en\/wp-json\/wp\/v2\/users\/2"}],"replies":[{"embeddable":true,"href":"https:\/\/gizatelier.pt\/en\/wp-json\/wp\/v2\/comments?post=11"}],"version-history":[{"count":81,"href":"https:\/\/gizatelier.pt\/en\/wp-json\/wp\/v2\/pages\/11\/revisions"}],"predecessor-version":[{"id":5359,"href":"https:\/\/gizatelier.pt\/en\/wp-json\/wp\/v2\/pages\/11\/revisions\/5359"}],"wp:featuredmedia":[{"embeddable":true,"href":"https:\/\/gizatelier.pt\/en\/wp-json\/wp\/v2\/media\/4770"}],"wp:attachment":[{"href":"https:\/\/gizatelier.pt\/en\/wp-json\/wp\/v2\/media?parent=11"}],"curies":[{"name":"wp","href":"https:\/\/api.w.org\/{rel}","templated":true}]}}